{"id":65,"date":"2025-06-09T16:37:47","date_gmt":"2025-06-09T16:37:47","guid":{"rendered":"http:\/\/mskopretina.cz\/1\/?page_id=65"},"modified":"2025-11-12T23:04:34","modified_gmt":"2025-11-12T23:04:34","slug":"kontakty","status":"publish","type":"page","link":"https:\/\/mskopretina.cz\/1\/kontakty\/","title":{"rendered":"Kontakty"},"content":{"rendered":"\t\t<div data-elementor-type=\"wp-page\" data-elementor-id=\"65\" class=\"elementor elementor-65\" data-elementor-post-type=\"page\">\n\t\t\t\t<div class=\"elementor-element elementor-element-6352145 e-transform e-flex e-con-boxed e-con e-parent\" data-id=\"6352145\" data-element_type=\"container\" data-settings=\"{&quot;_transform_scale_effect&quot;:{&quot;unit&quot;:&quot;px&quot;,&quot;size&quot;:0.9,&quot;sizes&quot;:[]},&quot;_transform_scale_effect_tablet&quot;:{&quot;unit&quot;:&quot;px&quot;,&quot;size&quot;:&quot;&quot;,&quot;sizes&quot;:[]},&quot;_transform_scale_effect_mobile&quot;:{&quot;unit&quot;:&quot;px&quot;,&quot;size&quot;:&quot;&quot;,&quot;sizes&quot;:[]}}\">\n\t\t\t\t\t<div class=\"e-con-inner\">\n\t\t\t\t<div class=\"elementor-element elementor-element-83b314c elementor-widget elementor-widget-text-editor\" data-id=\"83b314c\" data-element_type=\"widget\" data-widget_type=\"text-editor.default\">\n\t\t\t\t<div class=\"elementor-widget-container\">\n\t\t\t\t\t\t\t\t\t<h2><strong>Kontakty v provozn\u00ed dob\u011b: Pond\u011bl\u00ed \u2013 p\u00e1tek, 6:15 \u2013 16:45\u200b<\/strong><\/h2>\t\t\t\t\t\t\t\t<\/div>\n\t\t\t\t<\/div>\n\t\t\t\t<div class=\"elementor-element elementor-element-96d21ea elementor-widget elementor-widget-text-editor\" data-id=\"96d21ea\" data-element_type=\"widget\" data-widget_type=\"text-editor.default\">\n\t\t\t\t<div class=\"elementor-widget-container\">\n\t\t\t\t\t\t\t\t\t<h2><span style=\"color: #000000;\"><strong>Veden\u00ed \u0161kolky:<\/strong><\/span><\/h2>\t\t\t\t\t\t\t\t<\/div>\n\t\t\t\t<\/div>\n\t\t<div class=\"elementor-element elementor-element-d3de063 e-grid e-con-full e-con e-child\" data-id=\"d3de063\" data-element_type=\"container\">\n\t\t\t\t<div class=\"elementor-element elementor-element-96bab23 e-transform elementor-widget elementor-widget-text-editor\" data-id=\"96bab23\" data-element_type=\"widget\" data-settings=\"{&quot;_transform_scale_effect&quot;:{&quot;unit&quot;:&quot;px&quot;,&quot;size&quot;:0.95,&quot;sizes&quot;:[]},&quot;_transform_scale_effect_tablet&quot;:{&quot;unit&quot;:&quot;px&quot;,&quot;size&quot;:&quot;&quot;,&quot;sizes&quot;:[]},&quot;_transform_scale_effect_mobile&quot;:{&quot;unit&quot;:&quot;px&quot;,&quot;size&quot;:&quot;&quot;,&quot;sizes&quot;:[]}}\" data-widget_type=\"text-editor.default\">\n\t\t\t\t<div class=\"elementor-widget-container\">\n\t\t\t\t\t\t\t\t\t<p>\u00a0<\/p><h2><strong>\u00a0\u0158editelka<\/strong><\/h2><ul><li><span style=\"color: #000000;\">Bc. Jana Matlochov\u00e1<\/span><\/li><li><span style=\"color: #000000;\"><strong>Mobil:<\/strong> 777 349 221<\/span><\/li><li><span style=\"color: #000000;\"><strong>E-mail:<br \/><\/strong><\/span><span style=\"color: #000000;\">reditelka@mskopretina.cz<\/span><\/li><\/ul>\t\t\t\t\t\t\t\t<\/div>\n\t\t\t\t<\/div>\n\t\t\t\t<div class=\"elementor-element elementor-element-ef0f6d5 e-transform elementor-widget elementor-widget-text-editor\" data-id=\"ef0f6d5\" data-element_type=\"widget\" data-settings=\"{&quot;_transform_scale_effect&quot;:{&quot;unit&quot;:&quot;px&quot;,&quot;size&quot;:0.95,&quot;sizes&quot;:[]},&quot;_transform_scale_effect_tablet&quot;:{&quot;unit&quot;:&quot;px&quot;,&quot;size&quot;:&quot;&quot;,&quot;sizes&quot;:[]},&quot;_transform_scale_effect_mobile&quot;:{&quot;unit&quot;:&quot;px&quot;,&quot;size&quot;:&quot;&quot;,&quot;sizes&quot;:[]}}\" data-widget_type=\"text-editor.default\">\n\t\t\t\t<div class=\"elementor-widget-container\">\n\t\t\t\t\t\t\t\t\t<p>\u00a0<\/p><h2><strong>\u00a0Provoz\u00e1\u0159 \u0160J<\/strong><\/h2><ul><li><span style=\"color: #000000;\">Lenka Pecinov\u00e1<\/span><\/li><li><span style=\"color: #000000;\"><strong>Mobil: <\/strong>727 914 468<\/span><\/li><li><span style=\"color: #000000;\"><strong>E-mail:<br \/><\/strong><\/span><span style=\"color: #000000;\">skolnijidelna@mskopretina.cz<\/span><\/li><\/ul>\t\t\t\t\t\t\t\t<\/div>\n\t\t\t\t<\/div>\n\t\t\t\t<\/div>\n\t\t\t\t<div class=\"elementor-element elementor-element-97a6ef6 elementor-widget elementor-widget-text-editor\" data-id=\"97a6ef6\" data-element_type=\"widget\" data-widget_type=\"text-editor.default\">\n\t\t\t\t<div class=\"elementor-widget-container\">\n\t\t\t\t\t\t\t\t\t<h2><strong>T\u0159\u00eddy:<\/strong><\/h2>\t\t\t\t\t\t\t\t<\/div>\n\t\t\t\t<\/div>\n\t\t<div class=\"elementor-element elementor-element-cd6f9dc e-grid e-con-full e-con e-child\" data-id=\"cd6f9dc\" data-element_type=\"container\">\n\t\t\t\t<div class=\"elementor-element elementor-element-ec1773d e-transform elementor-widget elementor-widget-text-editor\" data-id=\"ec1773d\" data-element_type=\"widget\" data-settings=\"{&quot;_transform_scale_effect&quot;:{&quot;unit&quot;:&quot;px&quot;,&quot;size&quot;:0.95,&quot;sizes&quot;:[]},&quot;_transform_scale_effect_tablet&quot;:{&quot;unit&quot;:&quot;px&quot;,&quot;size&quot;:&quot;&quot;,&quot;sizes&quot;:[]},&quot;_transform_scale_effect_mobile&quot;:{&quot;unit&quot;:&quot;px&quot;,&quot;size&quot;:&quot;&quot;,&quot;sizes&quot;:[]}}\" data-widget_type=\"text-editor.default\">\n\t\t\t\t<div class=\"elementor-widget-container\">\n\t\t\t\t\t\t\t\t\t<p>\u00a0<\/p><h2><span style=\"color: #000000;\"><b>\u00a0T\u0159\u00edda \u2013 BERU\u0160KY<\/b><\/span><\/h2><ul><li><span style=\"color: #000000;\"><b>U\u010ditelky:<br \/><\/b>Daniela Chaloupkov\u00e1,<br \/>Pavl\u00edna Tom\u00e1\u0161kov\u00e1<\/span><\/li><li><span style=\"color: #000000;\"><b>V\u011bkov\u00e1 skupina: <\/b>2 a\u017e 3 roky<\/span><\/li><li><span style=\"color: #000000;\"><b>Asistent \u0161koly a pedagoga:<\/b><br \/>Ing. Bc. Irena Plischke DiS.<\/span><\/li><li><span style=\"color: #000000;\"><b>Mobil:<\/b> 727 914 463<\/span><\/li><li><span style=\"color: #000000;\"><b>E-mail:\u00a0<\/b>berusky@mskopretina.cz<\/span><\/li><\/ul>\t\t\t\t\t\t\t\t<\/div>\n\t\t\t\t<\/div>\n\t\t\t\t<div class=\"elementor-element elementor-element-e5f7e65 e-transform elementor-widget elementor-widget-text-editor\" data-id=\"e5f7e65\" data-element_type=\"widget\" data-settings=\"{&quot;_transform_scale_effect&quot;:{&quot;unit&quot;:&quot;px&quot;,&quot;size&quot;:0.95,&quot;sizes&quot;:[]},&quot;_transform_scale_effect_tablet&quot;:{&quot;unit&quot;:&quot;px&quot;,&quot;size&quot;:&quot;&quot;,&quot;sizes&quot;:[]},&quot;_transform_scale_effect_mobile&quot;:{&quot;unit&quot;:&quot;px&quot;,&quot;size&quot;:&quot;&quot;,&quot;sizes&quot;:[]}}\" data-widget_type=\"text-editor.default\">\n\t\t\t\t<div class=\"elementor-widget-container\">\n\t\t\t\t\t\t\t\t\t<p>\u00a0<\/p><h2><b style=\"color: #000000;\">\u00a0T\u0159\u00edda \u2013 V\u010cELI\u010cKY<\/b><\/h2><ul><li><span style=\"color: #000000;\"><b>U\u010ditelky:<br \/><\/b>Jana Zacp\u00e1lkov\u00e1 DiS.,<br \/>Bc. Jana Matlochov\u00e1,<br \/>Mgr. Radoslava Kub\u00e1\u0148ov\u00e1<\/span><\/li><li><span style=\"color: #000000;\"><b>V\u011bkov\u00e1 skupina:<br \/><\/b>4 roky a\u017e 7 let<\/span><\/li><li><span style=\"color: #000000;\"><b>Asistent pedagoga:<br \/><\/b>Lenka Chov\u00e1thov\u00e1<\/span><\/li><li><span style=\"color: #000000;\"><b>Mobil:<\/b> 727 914 461<\/span><\/li><li><span style=\"color: #000000;\"><b>E-mail: <\/b>vcelicky@mskopretina.cz<\/span><\/li><\/ul>\t\t\t\t\t\t\t\t<\/div>\n\t\t\t\t<\/div>\n\t\t\t\t<div class=\"elementor-element elementor-element-e57e8a0 e-transform elementor-widget elementor-widget-text-editor\" data-id=\"e57e8a0\" data-element_type=\"widget\" data-settings=\"{&quot;_transform_scale_effect&quot;:{&quot;unit&quot;:&quot;px&quot;,&quot;size&quot;:0.95,&quot;sizes&quot;:[]},&quot;_transform_scale_effect_tablet&quot;:{&quot;unit&quot;:&quot;px&quot;,&quot;size&quot;:&quot;&quot;,&quot;sizes&quot;:[]},&quot;_transform_scale_effect_mobile&quot;:{&quot;unit&quot;:&quot;px&quot;,&quot;size&quot;:&quot;&quot;,&quot;sizes&quot;:[]}}\" data-widget_type=\"text-editor.default\">\n\t\t\t\t<div class=\"elementor-widget-container\">\n\t\t\t\t\t\t\t\t\t<p>\u00a0<\/p><h2><span style=\"color: #000000;\"><b>\u00a0T\u0159\u00edda \u2013 SLUN\u00cd\u010cKA<\/b><\/span><\/h2><ul><li><span style=\"color: #000000;\"><b>U\u010ditelky:<br \/><\/b>Bc. Marie Zbrankov\u00e1,<br \/><\/span><span style=\"color: #000000;\">Bc. Sandra Gottwaldov\u00e1,<\/span><span style=\"color: #000000;\"> <br \/>Lenka Pecinov\u00e1<\/span><\/li><li><span style=\"color: #000000;\"><b>V\u011bkov\u00e1 skupina:<br \/><\/b>4 roky a\u017e 7 let<\/span><\/li><li><span style=\"color: #000000;\"><b>Asistent pedagoga:<\/b><br \/>Anna Tomanov\u00e1<\/span><\/li><li><span style=\"color: #000000;\"><b>Mobil:<\/b> 727 914 462<\/span><\/li><li><span style=\"color: #000000;\"><b>E-mail: <\/b>slunicka@mskopretina.cz<\/span><\/li><\/ul>\t\t\t\t\t\t\t\t<\/div>\n\t\t\t\t<\/div>\n\t\t\t\t<\/div>\n\t\t\t\t<div class=\"elementor-element elementor-element-ff0e26c elementor-widget elementor-widget-text-editor\" data-id=\"ff0e26c\" data-element_type=\"widget\" data-widget_type=\"text-editor.default\">\n\t\t\t\t<div class=\"elementor-widget-container\">\n\t\t\t\t\t\t\t\t\t<h2><strong>Provoz \u0161kolky:<\/strong><\/h2>\t\t\t\t\t\t\t\t<\/div>\n\t\t\t\t<\/div>\n\t\t<div class=\"elementor-element elementor-element-0b4209e e-grid e-con-full e-con e-child\" data-id=\"0b4209e\" data-element_type=\"container\">\n\t\t\t\t<div class=\"elementor-element elementor-element-ff42448 e-transform elementor-widget elementor-widget-text-editor\" data-id=\"ff42448\" data-element_type=\"widget\" data-settings=\"{&quot;_transform_scale_effect&quot;:{&quot;unit&quot;:&quot;px&quot;,&quot;size&quot;:0.95,&quot;sizes&quot;:[]},&quot;_transform_scale_effect_tablet&quot;:{&quot;unit&quot;:&quot;px&quot;,&quot;size&quot;:&quot;&quot;,&quot;sizes&quot;:[]},&quot;_transform_scale_effect_mobile&quot;:{&quot;unit&quot;:&quot;px&quot;,&quot;size&quot;:&quot;&quot;,&quot;sizes&quot;:[]}}\" data-widget_type=\"text-editor.default\">\n\t\t\t\t<div class=\"elementor-widget-container\">\n\t\t\t\t\t\t\t\t\t<p>\u00a0<\/p><h2><strong>\u00a0J\u00eddlo p\u0159ipravuj\u00ed<\/strong><\/h2><ul><li><span style=\"color: #000000;\"><span style=\"color: #000000;\"><strong>Kucha\u0159ka: <\/strong><\/span>Pavl\u00edna Schildnerov\u00e1<\/span><\/li><li><span style=\"color: #000000;\"><span style=\"color: #000000;\"><strong>Pracovnice provozu: <\/strong><\/span>Andrea Falatov\u00e1<\/span><\/li><li><span style=\"color: #000000;\"><strong>Mobil (kuchy\u0148):<\/strong> 727 914 467<\/span><\/li><li><span style=\"color: #000000;\"><strong>E-mail: <\/strong>skolnijidelna@mskopretina.cz<\/span><\/li><\/ul>\t\t\t\t\t\t\t\t<\/div>\n\t\t\t\t<\/div>\n\t\t\t\t<div class=\"elementor-element elementor-element-65ce0bc e-transform elementor-widget elementor-widget-text-editor\" data-id=\"65ce0bc\" data-element_type=\"widget\" data-settings=\"{&quot;_transform_scale_effect&quot;:{&quot;unit&quot;:&quot;px&quot;,&quot;size&quot;:0.95,&quot;sizes&quot;:[]},&quot;_transform_scale_effect_tablet&quot;:{&quot;unit&quot;:&quot;px&quot;,&quot;size&quot;:&quot;&quot;,&quot;sizes&quot;:[]},&quot;_transform_scale_effect_mobile&quot;:{&quot;unit&quot;:&quot;px&quot;,&quot;size&quot;:&quot;&quot;,&quot;sizes&quot;:[]}}\" data-widget_type=\"text-editor.default\">\n\t\t\t\t<div class=\"elementor-widget-container\">\n\t\t\t\t\t\t\t\t\t<p>\u00a0<\/p><h2><strong>O \u00faklid se staraj\u00ed<\/strong><\/h2><ul><li><span style=\"color: #000000;\"><strong>\u0160kolnice: <\/strong>Milu\u0161e Vesel\u00e1<\/span><\/li><li><span style=\"color: #000000;\"><strong>\u00daklid: <\/strong>Anna Javorkov\u00e1<\/span><\/li><li><span style=\"color: #000000;\"><strong>Mobil:<\/strong> 727 914 460<\/span><\/li><\/ul>\t\t\t\t\t\t\t\t<\/div>\n\t\t\t\t<\/div>\n\t\t\t\t<\/div>\n\t\t\t\t\t<\/div>\n\t\t\t\t<\/div>\n\t\t\t\t<\/div>\n\t\t","protected":false},"excerpt":{"rendered":"<p>Kontakty v provozn\u00ed dob\u011b: Pond\u011bl\u00ed \u2013 p\u00e1tek, 6:15 \u2013 16:45\u200b Veden\u00ed \u0161kolky: \u00a0 \u00a0\u0158editelka Bc. Jana Matlochov\u00e1 Mobil: 777 349 221 E-mail:reditelka@mskopretina.cz \u00a0 \u00a0Provoz\u00e1\u0159 \u0160J Lenka Pecinov\u00e1 Mobil: 727 914 468 E-mail:skolnijidelna@mskopretina.cz T\u0159\u00eddy: \u00a0 \u00a0T\u0159\u00edda \u2013 BERU\u0160KY U\u010ditelky:Daniela Chaloupkov\u00e1,Pavl\u00edna Tom\u00e1\u0161kov\u00e1 V\u011bkov\u00e1 skupina: 2 a\u017e 3 roky Asistent \u0161koly a pedagoga:Ing. Bc. Irena Plischke DiS. Mobil: [&hellip;]<\/p>\n","protected":false},"author":1,"featured_media":0,"parent":0,"menu_order":0,"comment_status":"closed","ping_status":"closed","template":"elementor_header_footer","meta":{"footnotes":""},"class_list":["post-65","page","type-page","status-publish","hentry"],"_links":{"self":[{"href":"https:\/\/mskopretina.cz\/1\/wp-json\/wp\/v2\/pages\/65","targetHints":{"allow":["GET"]}}],"collection":[{"href":"https:\/\/mskopretina.cz\/1\/wp-json\/wp\/v2\/pages"}],"about":[{"href":"https:\/\/mskopretina.cz\/1\/wp-json\/wp\/v2\/types\/page"}],"author":[{"embeddable":true,"href":"https:\/\/mskopretina.cz\/1\/wp-json\/wp\/v2\/users\/1"}],"replies":[{"embeddable":true,"href":"https:\/\/mskopretina.cz\/1\/wp-json\/wp\/v2\/comments?post=65"}],"version-history":[{"count":298,"href":"https:\/\/mskopretina.cz\/1\/wp-json\/wp\/v2\/pages\/65\/revisions"}],"predecessor-version":[{"id":2136,"href":"https:\/\/mskopretina.cz\/1\/wp-json\/wp\/v2\/pages\/65\/revisions\/2136"}],"wp:attachment":[{"href":"https:\/\/mskopretina.cz\/1\/wp-json\/wp\/v2\/media?parent=65"}],"curies":[{"name":"wp","href":"https:\/\/api.w.org\/{rel}","templated":true}]}}