{"id":65,"date":"2025-06-09T16:37:47","date_gmt":"2025-06-09T16:37:47","guid":{"rendered":"http:\/\/mskopretina.cz\/2\/?page_id=65"},"modified":"2025-11-24T11:49:28","modified_gmt":"2025-11-24T11:49:28","slug":"kontakty","status":"publish","type":"page","link":"https:\/\/mskopretina.cz\/2\/kontakty\/","title":{"rendered":"Kontakty"},"content":{"rendered":"\t\t<div data-elementor-type=\"wp-page\" data-elementor-id=\"65\" class=\"elementor elementor-65\" data-elementor-post-type=\"page\">\n\t\t\t\t<div class=\"elementor-element elementor-element-c8d2c3d e-transform e-flex e-con-boxed e-con e-parent\" data-id=\"c8d2c3d\" data-element_type=\"container\" data-settings=\"{&quot;_transform_scale_effect&quot;:{&quot;unit&quot;:&quot;px&quot;,&quot;size&quot;:0.9,&quot;sizes&quot;:[]},&quot;_transform_scale_effect_tablet&quot;:{&quot;unit&quot;:&quot;px&quot;,&quot;size&quot;:&quot;&quot;,&quot;sizes&quot;:[]},&quot;_transform_scale_effect_mobile&quot;:{&quot;unit&quot;:&quot;px&quot;,&quot;size&quot;:&quot;&quot;,&quot;sizes&quot;:[]}}\">\n\t\t\t\t\t<div class=\"e-con-inner\">\n\t\t\t\t<div class=\"elementor-element elementor-element-4ef3810 elementor-widget elementor-widget-text-editor\" data-id=\"4ef3810\" data-element_type=\"widget\" data-widget_type=\"text-editor.default\">\n\t\t\t\t<div class=\"elementor-widget-container\">\n\t\t\t\t\t\t\t\t\t<h2><strong>Kontakty v provozn\u00ed dob\u011b: Pond\u011bl\u00ed \u2013 p\u00e1tek, 6:00 \u2013 16:30\u200b<\/strong><\/h2>\t\t\t\t\t\t\t\t<\/div>\n\t\t\t\t<\/div>\n\t\t\t\t<div class=\"elementor-element elementor-element-c5414b0 elementor-widget elementor-widget-text-editor\" data-id=\"c5414b0\" data-element_type=\"widget\" data-widget_type=\"text-editor.default\">\n\t\t\t\t<div class=\"elementor-widget-container\">\n\t\t\t\t\t\t\t\t\t<h2><strong>Veden\u00ed \u0161kolky:<\/strong><\/h2>\t\t\t\t\t\t\t\t<\/div>\n\t\t\t\t<\/div>\n\t\t<div class=\"elementor-element elementor-element-dae603c e-grid e-con-full e-con e-child\" data-id=\"dae603c\" data-element_type=\"container\">\n\t\t\t\t<div class=\"elementor-element elementor-element-17edf46 e-transform elementor-widget elementor-widget-text-editor\" data-id=\"17edf46\" data-element_type=\"widget\" data-settings=\"{&quot;_transform_scale_effect&quot;:{&quot;unit&quot;:&quot;px&quot;,&quot;size&quot;:0.95,&quot;sizes&quot;:[]},&quot;_transform_scale_effect_tablet&quot;:{&quot;unit&quot;:&quot;px&quot;,&quot;size&quot;:&quot;&quot;,&quot;sizes&quot;:[]},&quot;_transform_scale_effect_mobile&quot;:{&quot;unit&quot;:&quot;px&quot;,&quot;size&quot;:&quot;&quot;,&quot;sizes&quot;:[]}}\" data-widget_type=\"text-editor.default\">\n\t\t\t\t<div class=\"elementor-widget-container\">\n\t\t\t\t\t\t\t\t\t<p>\u00a0<\/p><h2><strong>\u00a0\u0158editelka<\/strong><\/h2><ul><li><span style=\"color: #000000;\"><span style=\"color: #000000;\">Bc. Jana Matlochov\u00e1<\/span><\/span><\/li><li><span style=\"color: #000000;\"><span style=\"color: #000000;\"><span style=\"color: #000000;\"><strong>Mobil:<\/strong> 777 349 221<\/span><\/span><\/span><\/li><li><span style=\"color: #000000;\"><strong>E-mail: <\/strong>reditelka@mskopretina.cz<\/span><\/li><\/ul>\t\t\t\t\t\t\t\t<\/div>\n\t\t\t\t<\/div>\n\t\t\t\t<div class=\"elementor-element elementor-element-ea5c964 e-transform elementor-widget elementor-widget-text-editor\" data-id=\"ea5c964\" data-element_type=\"widget\" data-settings=\"{&quot;_transform_scale_effect&quot;:{&quot;unit&quot;:&quot;px&quot;,&quot;size&quot;:0.95,&quot;sizes&quot;:[]},&quot;_transform_scale_effect_tablet&quot;:{&quot;unit&quot;:&quot;px&quot;,&quot;size&quot;:&quot;&quot;,&quot;sizes&quot;:[]},&quot;_transform_scale_effect_mobile&quot;:{&quot;unit&quot;:&quot;px&quot;,&quot;size&quot;:&quot;&quot;,&quot;sizes&quot;:[]}}\" data-widget_type=\"text-editor.default\">\n\t\t\t\t<div class=\"elementor-widget-container\">\n\t\t\t\t\t\t\t\t\t<p>\u00a0<\/p><h2><strong>\u00a0Z\u00e1stupkyn\u011b<\/strong><\/h2><ul><li><span style=\"color: #000000;\"><span style=\"color: #000000;\">Bc. Zuzana Poul\u00ed\u010dkov\u00e1<\/span><\/span><\/li><li><span style=\"color: #000000;\"><span style=\"color: #000000;\"><span style=\"color: #000000;\"><strong>Mobil:<\/strong> 727 914 466<\/span><\/span><\/span><\/li><li><span style=\"color: #000000;\"><strong>E-mail: <\/strong>poulickova.kopretina@centrum.cz<\/span><\/li><\/ul>\t\t\t\t\t\t\t\t<\/div>\n\t\t\t\t<\/div>\n\t\t\t\t<div class=\"elementor-element elementor-element-dfb7f24 e-transform elementor-widget elementor-widget-text-editor\" data-id=\"dfb7f24\" data-element_type=\"widget\" data-settings=\"{&quot;_transform_scale_effect&quot;:{&quot;unit&quot;:&quot;px&quot;,&quot;size&quot;:0.95,&quot;sizes&quot;:[]},&quot;_transform_scale_effect_tablet&quot;:{&quot;unit&quot;:&quot;px&quot;,&quot;size&quot;:&quot;&quot;,&quot;sizes&quot;:[]},&quot;_transform_scale_effect_mobile&quot;:{&quot;unit&quot;:&quot;px&quot;,&quot;size&quot;:&quot;&quot;,&quot;sizes&quot;:[]}}\" data-widget_type=\"text-editor.default\">\n\t\t\t\t<div class=\"elementor-widget-container\">\n\t\t\t\t\t\t\t\t\t<p>\u00a0<\/p><h2><strong>\u00a0Provoz\u00e1\u0159 \u0160J<\/strong><\/h2><ul><li><span style=\"color: #000000;\"><span style=\"color: #000000;\">Lenka Pecinov\u00e1<\/span><\/span><\/li><li><span style=\"color: #000000;\"><span style=\"color: #000000;\"><span style=\"color: #000000;\"><strong>Mobil: <\/strong>727 914 468<\/span><\/span><\/span><\/li><li><span style=\"color: #000000;\"><strong>E-mail: <\/strong><\/span><span style=\"color: #000000;\">skolnijidelna@mskopretina.cz<\/span><\/li><\/ul>\t\t\t\t\t\t\t\t<\/div>\n\t\t\t\t<\/div>\n\t\t\t\t<\/div>\n\t\t\t\t<div class=\"elementor-element elementor-element-3328991 elementor-widget elementor-widget-text-editor\" data-id=\"3328991\" data-element_type=\"widget\" data-widget_type=\"text-editor.default\">\n\t\t\t\t<div class=\"elementor-widget-container\">\n\t\t\t\t\t\t\t\t\t<h2><strong>T\u0159\u00eddy:<\/strong><\/h2>\t\t\t\t\t\t\t\t<\/div>\n\t\t\t\t<\/div>\n\t\t<div class=\"elementor-element elementor-element-8c5c01a e-grid e-con-full e-con e-child\" data-id=\"8c5c01a\" data-element_type=\"container\">\n\t\t\t\t<div class=\"elementor-element elementor-element-d81e370 e-transform elementor-widget elementor-widget-text-editor\" data-id=\"d81e370\" data-element_type=\"widget\" data-settings=\"{&quot;_transform_scale_effect&quot;:{&quot;unit&quot;:&quot;px&quot;,&quot;size&quot;:0.95,&quot;sizes&quot;:[]},&quot;_transform_scale_effect_tablet&quot;:{&quot;unit&quot;:&quot;px&quot;,&quot;size&quot;:&quot;&quot;,&quot;sizes&quot;:[]},&quot;_transform_scale_effect_mobile&quot;:{&quot;unit&quot;:&quot;px&quot;,&quot;size&quot;:&quot;&quot;,&quot;sizes&quot;:[]}}\" data-widget_type=\"text-editor.default\">\n\t\t\t\t<div class=\"elementor-widget-container\">\n\t\t\t\t\t\t\t\t\t<p>\u00a0<\/p><h2><strong>\u00a0T\u0159\u00edda \u2013 MOT\u00ddLCI<\/strong><\/h2><ul><li><strong><span style=\"color: #000000;\">U\u010ditelky:<br \/><\/span><\/strong><span style=\"color: #000000;\">Bc. Gabriela Fukalov\u00e1,<br \/>Iveta Hladk\u00e1,<\/span><\/li><li><span style=\"color: #000000;\"><b>V\u011bkov\u00e1 skupina: <\/b>2 a\u017e 3 roky<\/span><\/li><li><strong><span style=\"color: #000000;\">Asistentka pedagoga:<br \/><\/span><\/strong><span style=\"color: #000000;\"><span style=\"color: #000000;\">V\u011bra G\u00fcntherov\u00e1<br \/><\/span><\/span><\/li><li><span style=\"color: #000000;\"><span style=\"color: #000000;\"><strong>Mobil:<\/strong> 727 875 812<\/span><\/span><\/li><li><span style=\"color: #000000;\"><strong>E-mail: <\/strong>motylci@mskopretina.cz<\/span><\/li><\/ul>\t\t\t\t\t\t\t\t<\/div>\n\t\t\t\t<\/div>\n\t\t\t\t<div class=\"elementor-element elementor-element-8b00988 e-transform elementor-widget elementor-widget-text-editor\" data-id=\"8b00988\" data-element_type=\"widget\" data-settings=\"{&quot;_transform_scale_effect&quot;:{&quot;unit&quot;:&quot;px&quot;,&quot;size&quot;:0.95,&quot;sizes&quot;:[]},&quot;_transform_scale_effect_tablet&quot;:{&quot;unit&quot;:&quot;px&quot;,&quot;size&quot;:&quot;&quot;,&quot;sizes&quot;:[]},&quot;_transform_scale_effect_mobile&quot;:{&quot;unit&quot;:&quot;px&quot;,&quot;size&quot;:&quot;&quot;,&quot;sizes&quot;:[]}}\" data-widget_type=\"text-editor.default\">\n\t\t\t\t<div class=\"elementor-widget-container\">\n\t\t\t\t\t\t\t\t\t<p><\/p>\n<h2><strong>&nbsp;T\u0159\u00edda \u2013 BROU\u010cCI<\/strong><\/h2>\n<ul>\n<li><strong><span style=\"color: #000000;\">U\u010ditelky:<br><\/span><\/strong><span style=\"color: #000000;\">Bc. Zuzana Poul\u00ed\u010dkov\u00e1,<br>Michaela Pet\u0159kovsk\u00e1 DiS.,<br>Zde\u0148ka Jur\u00ed\u010dkov\u00e1<\/span><\/li>\n<li><span style=\"color: #000000;\"><b>V\u011bkov\u00e1 skupina: <\/b>4 roky a\u017e 7 let<\/span><\/li>\n<li><strong><span style=\"color: #000000;\">Asistentka pedagoga:<br><\/span><\/strong><span style=\"color: #000000;\"><span style=\"color: #000000;\">V\u011bra Kryst\u00fdnov\u00e1 DiS.<br><\/span><\/span><\/li>\n<li><span style=\"color: #000000;\"><span style=\"color: #000000;\"><strong>Mobil:<\/strong> 727 926 273<\/span><\/span><\/li>\n<li><span style=\"color: #000000;\"><strong>E-mail: <\/strong>broucci@mskopretina.cz<\/span><\/li>\n<\/ul>\t\t\t\t\t\t\t\t<\/div>\n\t\t\t\t<\/div>\n\t\t\t\t<div class=\"elementor-element elementor-element-c1555b2 e-transform elementor-widget elementor-widget-text-editor\" data-id=\"c1555b2\" data-element_type=\"widget\" data-settings=\"{&quot;_transform_scale_effect&quot;:{&quot;unit&quot;:&quot;px&quot;,&quot;size&quot;:0.95,&quot;sizes&quot;:[]},&quot;_transform_scale_effect_tablet&quot;:{&quot;unit&quot;:&quot;px&quot;,&quot;size&quot;:&quot;&quot;,&quot;sizes&quot;:[]},&quot;_transform_scale_effect_mobile&quot;:{&quot;unit&quot;:&quot;px&quot;,&quot;size&quot;:&quot;&quot;,&quot;sizes&quot;:[]}}\" data-widget_type=\"text-editor.default\">\n\t\t\t\t<div class=\"elementor-widget-container\">\n\t\t\t\t\t\t\t\t\t<p>\u00a0<\/p><h2><strong>\u00a0T\u0159\u00edda \u2013 SOVI\u010cKY<\/strong><\/h2><ul><li><strong><span style=\"color: #000000;\">U\u010ditelky:<br \/><\/span><\/strong><span style=\"color: #000000;\">Mgr. Eli\u0161ka Kaniov\u00e1,<br \/><\/span><span style=\"color: #000000;\">Helena Skalick\u00e1<\/span><\/li><li><span style=\"color: #000000;\"><b>V\u011bkov\u00e1 skupina: <\/b>4 roky a\u017e 7 let<\/span><\/li><li><strong><span style=\"color: #000000;\">Asistent pedagoga:<br \/><\/span><\/strong><span style=\"color: #000000;\"><span style=\"color: #000000;\">Kl\u00e1ra B\u00edlkov\u00e1<br \/><\/span><\/span><\/li><li><span style=\"color: #000000;\"><span style=\"color: #000000;\"><strong>Mobil:<\/strong> 727 926 274<\/span><\/span><\/li><li><span style=\"color: #000000;\"><strong>E-mail: <\/strong><\/span><span style=\"color: #000000;\">sovicky@mskopretina.cz<\/span><\/li><\/ul>\t\t\t\t\t\t\t\t<\/div>\n\t\t\t\t<\/div>\n\t\t\t\t<\/div>\n\t\t\t\t<div class=\"elementor-element elementor-element-8f597e0 elementor-widget elementor-widget-text-editor\" data-id=\"8f597e0\" data-element_type=\"widget\" data-widget_type=\"text-editor.default\">\n\t\t\t\t<div class=\"elementor-widget-container\">\n\t\t\t\t\t\t\t\t\t<h2><strong>Provoz \u0161kolky:<\/strong><\/h2>\t\t\t\t\t\t\t\t<\/div>\n\t\t\t\t<\/div>\n\t\t<div class=\"elementor-element elementor-element-f6f0065 e-grid e-con-full e-con e-child\" data-id=\"f6f0065\" data-element_type=\"container\">\n\t\t\t\t<div class=\"elementor-element elementor-element-d2fda10 e-transform elementor-widget elementor-widget-text-editor\" data-id=\"d2fda10\" data-element_type=\"widget\" data-settings=\"{&quot;_transform_scale_effect&quot;:{&quot;unit&quot;:&quot;px&quot;,&quot;size&quot;:0.95,&quot;sizes&quot;:[]},&quot;_transform_scale_effect_tablet&quot;:{&quot;unit&quot;:&quot;px&quot;,&quot;size&quot;:&quot;&quot;,&quot;sizes&quot;:[]},&quot;_transform_scale_effect_mobile&quot;:{&quot;unit&quot;:&quot;px&quot;,&quot;size&quot;:&quot;&quot;,&quot;sizes&quot;:[]}}\" data-widget_type=\"text-editor.default\">\n\t\t\t\t<div class=\"elementor-widget-container\">\n\t\t\t\t\t\t\t\t\t<p>\u00a0<\/p><h2><strong>\u00a0J\u00eddlo p\u0159ipravuj\u00ed<\/strong><\/h2><ul><li><span style=\"color: #000000;\"><strong>Pracovnice provozu: <\/strong>Marta Smoln\u00e1<\/span><\/li><li><span style=\"color: #000000;\"><strong>Kucha\u0159ka: <\/strong>Hana Jur\u010dicov\u00e1<\/span><\/li><li><strong style=\"color: #000000; background-color: transparent; letter-spacing: -0.68px;\">Mobil (kuchy\u0148): <\/strong><span style=\"color: #000000; background-color: transparent; letter-spacing: -0.68px;\">727 914 465<\/span><\/li><\/ul>\t\t\t\t\t\t\t\t<\/div>\n\t\t\t\t<\/div>\n\t\t\t\t<div class=\"elementor-element elementor-element-7af3278 e-transform elementor-widget elementor-widget-text-editor\" data-id=\"7af3278\" data-element_type=\"widget\" data-settings=\"{&quot;_transform_scale_effect&quot;:{&quot;unit&quot;:&quot;px&quot;,&quot;size&quot;:0.95,&quot;sizes&quot;:[]},&quot;_transform_scale_effect_tablet&quot;:{&quot;unit&quot;:&quot;px&quot;,&quot;size&quot;:&quot;&quot;,&quot;sizes&quot;:[]},&quot;_transform_scale_effect_mobile&quot;:{&quot;unit&quot;:&quot;px&quot;,&quot;size&quot;:&quot;&quot;,&quot;sizes&quot;:[]}}\" data-widget_type=\"text-editor.default\">\n\t\t\t\t<div class=\"elementor-widget-container\">\n\t\t\t\t\t\t\t\t\t<p>\u00a0<\/p><h2><strong>\u00a0O \u00faklid se staraj\u00ed<\/strong><\/h2><ul><li><span style=\"color: #000000;\"><strong>\u0160kolnice: <\/strong>Zde\u0148ka Jur\u00ed\u010dkov\u00e1<\/span><\/li><li><span style=\"color: #000000;\"><strong>Mobil: <\/strong>727 926 256<\/span><\/li><li><span style=\"color: #000000;\"><span style=\"color: #000000;\"><strong>\u00daklid: <\/strong>Anna Javorkov\u00e1<\/span><\/span><\/li><\/ul>\t\t\t\t\t\t\t\t<\/div>\n\t\t\t\t<\/div>\n\t\t\t\t<\/div>\n\t\t\t\t\t<\/div>\n\t\t\t\t<\/div>\n\t\t\t\t<\/div>\n\t\t","protected":false},"excerpt":{"rendered":"<p>Kontakty v provozn\u00ed dob\u011b: Pond\u011bl\u00ed \u2013 p\u00e1tek, 6:00 \u2013 16:30\u200b Veden\u00ed \u0161kolky: \u00a0 \u00a0\u0158editelka Bc. Jana Matlochov\u00e1 Mobil: 777 349 221 E-mail: reditelka@mskopretina.cz \u00a0 \u00a0Z\u00e1stupkyn\u011b Bc. Zuzana Poul\u00ed\u010dkov\u00e1 Mobil: 727 914 466 E-mail: poulickova.kopretina@centrum.cz \u00a0 \u00a0Provoz\u00e1\u0159 \u0160J Lenka Pecinov\u00e1 Mobil: 727 914 468 E-mail: skolnijidelna@mskopretina.cz T\u0159\u00eddy: \u00a0 \u00a0T\u0159\u00edda \u2013 MOT\u00ddLCI U\u010ditelky:Bc. Gabriela Fukalov\u00e1,Iveta Hladk\u00e1, V\u011bkov\u00e1 [&hellip;]<\/p>\n","protected":false},"author":1,"featured_media":0,"parent":0,"menu_order":0,"comment_status":"closed","ping_status":"closed","template":"elementor_header_footer","meta":{"footnotes":""},"class_list":["post-65","page","type-page","status-publish","hentry"],"_links":{"self":[{"href":"https:\/\/mskopretina.cz\/2\/wp-json\/wp\/v2\/pages\/65","targetHints":{"allow":["GET"]}}],"collection":[{"href":"https:\/\/mskopretina.cz\/2\/wp-json\/wp\/v2\/pages"}],"about":[{"href":"https:\/\/mskopretina.cz\/2\/wp-json\/wp\/v2\/types\/page"}],"author":[{"embeddable":true,"href":"https:\/\/mskopretina.cz\/2\/wp-json\/wp\/v2\/users\/1"}],"replies":[{"embeddable":true,"href":"https:\/\/mskopretina.cz\/2\/wp-json\/wp\/v2\/comments?post=65"}],"version-history":[{"count":292,"href":"https:\/\/mskopretina.cz\/2\/wp-json\/wp\/v2\/pages\/65\/revisions"}],"predecessor-version":[{"id":2065,"href":"https:\/\/mskopretina.cz\/2\/wp-json\/wp\/v2\/pages\/65\/revisions\/2065"}],"wp:attachment":[{"href":"https:\/\/mskopretina.cz\/2\/wp-json\/wp\/v2\/media?parent=65"}],"curies":[{"name":"wp","href":"https:\/\/api.w.org\/{rel}","templated":true}]}}